{"id":4,"date":"2010-10-31T18:18:28","date_gmt":"2010-10-31T18:18:28","guid":{"rendered":"http:\/\/gv-kaiserstuhl-bahlingen.de\/?page_id=4"},"modified":"2026-01-01T20:54:34","modified_gmt":"2026-01-01T20:54:34","slug":"impressum","status":"publish","type":"page","link":"https:\/\/o-ton-bahlingen.de\/?page_id=4","title":{"rendered":"Kontakt &amp; Impressum"},"content":{"rendered":"<p>Du hast Fragen oder m\u00f6chtest Kontakt aufnehmen? Dann melde dich gerne.<\/p>\n<h1>Kontaktdaten:<\/h1>\n<p>Telefon:<br \/>Sandra Stiller-Knittel: 0172 7288444<br \/>Hans V\u00f6gtlin: 07663 4360<\/p>\n<p>E-Mail: vorstand@o-ton-bahlingen.de<\/p>\n<p>&nbsp;<\/p>\n<h1>Impressum<\/h1>\n\n\n<\/p>\n<p class=\"wp-block-heading\">Angaben gem\u00e4\u00df \u00a7 5 TMG:<\/p>\n<p>\n\n\n\n<\/p>\n<p class=\"wp-block-heading\">Verantwortlich f\u00fcr den Inhalt nach \u00a7 55 Abs. 2 RStV:<\/p>\n<p>\n\n\n\n<\/p>\n<p class=\"wp-block-heading\">O-Ton gemischter Chor Bahlingen<\/p>\n<p>\n\n\n\n<\/p>\n<p class=\"wp-block-heading\">(Gesangverein Kaiserstuhl Bahlingen e.V.)<\/p>\n<p>\n\n\n\n<\/p>\n<h2 class=\"wp-block-heading\">Vertreten durch:<\/h2>\n<p>\n\n\n\n<\/p>\n<p class=\"wp-block-heading\">1. Vorsitzende Sandra Stiller-Knittel, Erlenmattenstr. 12, 79353 Bahlingen<\/p>\n<p>\n\n\n\n<\/p>\n<p class=\"wp-block-heading\">2. Vorsitzender Hans V\u00f6gtlin, Bachstr. 15, 79353 Bahlingen<\/p>\n<p>&nbsp;<\/p>\n<p>\n\n<\/p>\n<h2 class=\"wp-block-heading\">Haftung<\/h2>\n<p>\n\n\n<\/p>\n<p>Alle Informationen auf dieser Website erfolgen ohne Gew\u00e4hr f\u00fcr ihre Richtigkeit. In keinem Fall wird f\u00fcr Sch\u00e4den, die sich aus der Verwendung der abgerufenen Informationen ergeben, eine Haftung \u00fcbernommen. F\u00fcr Fehler im Text oder falsche Links wird ebenfalls keine Haftung \u00fcbernommen.<\/p>\n<p>\n\n\n<\/p>\n<p>Quelle: erstellt mit dem <a href=\"http:\/\/www.e-recht24.de\/impressum-generator.html\" target=\"_blank\" rel=\"noopener noreferrer\">Impressum-Generator eingetragener Verein (e. V.)<\/a> von eRecht24.<\/p>\n<p>\n\n\n<\/p>\n<p class=\"wp-block-heading\">Zur Verwaltung der eingesetzten Cookies und \u00e4hnlichen Technologien (Tracking-Pixel, Web-Beacons etc.) und diesbez\u00fcglicher Einwilligungen setzen wir das Consent Tool &#8222;Real Cookie Banner&#8220; ein. Details zur Funktionsweise von &#8222;Real Cookie Banner&#8220; findest du <a href=\"https:\/\/devowl.io\/de\/rcb\/datenverarbeitung\/\">hier<\/a>.<\/p>\n<p>\n\n\n<\/p>\n<p class=\"wp-block-heading\">Rechtsgrundlagen f\u00fcr die Verarbeitung von personenbezogenen Daten in diesem Zusammenhang sind Art. 6 Abs. 1 lit. c DS-GVO und Art. 6 Abs. 1 lit. f DS-GVO. Unser berechtigtes Interesse ist die Verwaltung der eingesetzten Cookies und \u00e4hnlichen Technologien und der diesbez\u00fcglichen Einwilligungen.<\/p>\n<p>\n\n\n<\/p>\n<p class=\"wp-block-heading\">Die Bereitstellung der personenbezogenen Daten ist weder vertraglich vorgeschrieben noch f\u00fcr den Abschluss eines Vertrages notwendig. Du bist nicht verpflichtet die personenbezogenen Daten bereitzustellen. Wenn du die personenbezogenen Daten nicht bereitstellst, k\u00f6nnen wir deine Einwilligungen nicht verwalten.<\/p>\n<p>\n\n\n<\/p>\n<p><a title=\"Disclaimer\" href=\"http:\/\/www.disclaimer.de\/disclaimer.htm\" target=\"_blank\" rel=\"noopener noreferrer\">Disclaimer<\/a><\/p>\n<p>\n\n<\/p>\n<p>\n\n\n<\/p>\n\n\n<p>&nbsp;<\/p>\n\n\n\n<p><\/p>\n","protected":false},"excerpt":{"rendered":"<p>Du hast Fragen oder m\u00f6chtest Kontakt aufnehmen? Dann melde dich gerne. Kontaktdaten: Telefon:Sandra Stiller-Knittel: 0172 7288444Hans V\u00f6gtlin: 07663 4360 E-Mail: vorstand@o-ton-bahlingen.de &nbsp; Impressum Angaben gem\u00e4\u00df \u00a7 5 TMG: Verantwortlich f\u00fcr den Inhalt nach \u00a7 55 Abs. 2 RStV: O-Ton gemischter &hellip; <a href=\"https:\/\/o-ton-bahlingen.de\/?page_id=4\">Weiterlesen <span class=\"meta-nav\">&rarr;<\/span><\/a><\/p>\n","protected":false},"author":2,"featured_media":0,"parent":0,"menu_order":9,"comment_status":"closed","ping_status":"closed","template":"","meta":{"footnotes":""},"class_list":["post-4","page","type-page","status-publish","hentry"],"_links":{"self":[{"href":"https:\/\/o-ton-bahlingen.de\/index.php?rest_route=\/wp\/v2\/pages\/4","targetHints":{"allow":["GET"]}}],"collection":[{"href":"https:\/\/o-ton-bahlingen.de\/index.php?rest_route=\/wp\/v2\/pages"}],"about":[{"href":"https:\/\/o-ton-bahlingen.de\/index.php?rest_route=\/wp\/v2\/types\/page"}],"author":[{"embeddable":true,"href":"https:\/\/o-ton-bahlingen.de\/index.php?rest_route=\/wp\/v2\/users\/2"}],"replies":[{"embeddable":true,"href":"https:\/\/o-ton-bahlingen.de\/index.php?rest_route=%2Fwp%2Fv2%2Fcomments&post=4"}],"version-history":[{"count":51,"href":"https:\/\/o-ton-bahlingen.de\/index.php?rest_route=\/wp\/v2\/pages\/4\/revisions"}],"predecessor-version":[{"id":2300,"href":"https:\/\/o-ton-bahlingen.de\/index.php?rest_route=\/wp\/v2\/pages\/4\/revisions\/2300"}],"wp:attachment":[{"href":"https:\/\/o-ton-bahlingen.de\/index.php?rest_route=%2Fwp%2Fv2%2Fmedia&parent=4"}],"curies":[{"name":"wp","href":"https:\/\/api.w.org\/{rel}","templated":true}]}}